{"id":5,"date":"2020-10-22T12:38:28","date_gmt":"2020-10-22T10:38:28","guid":{"rendered":"https:\/\/magnetx-deco.com\/index.php\/mesmerize\/"},"modified":"2020-10-28T13:09:01","modified_gmt":"2020-10-28T12:09:01","slug":"mesmerize","status":"publish","type":"page","link":"https:\/\/magnetx-deco.com\/","title":{"rendered":"Front Page"},"content":{"rendered":"<div  id=\"overlappable-1\" data-label=\"Overlappable\" data-id=\"overlappable-7-mc\" data-export-id=\"overlappable-7-mc\" data-category=\"overlappable\" class=\"overlappable-7-mc content-section content-section-spacing\" data-overlap=\"true\"><div  class=\"gridContainer\"> <div  data-type=\"row\" class=\"row shadow\"><div  class=\"col-xs-12 col-sm-6 col-md-3 col-padding-small col-padding-small-xs bg-color-white\"> <div  class=\"text-center\"><div  class=\"col-xs-12 col-sm-fit space-bottom-small-xs\"> <i  class=\"fa icon color-black fa-flash large\"><\/i><\/div> <div  data-type=\"column\" class=\"col-xs-12 col-sm\"><h4  class=\"\">R\u00e9ceptionne tous types d\u2019aimants<\/h4> <img  class=\"custom-image\" src=\"https:\/\/magnetx-deco.com\/wp-content\/uploads\/2020\/10\/cropped-aimant.png\" alt=\"\" title=\"cropped-aimant.png\"><\/div> <\/div><\/div> <div  class=\"col-xs-12 col-sm-6 col-md-3 col-padding-small col-padding-small-xs bg-color-white\"><div  class=\"text-center\"> <div  class=\"col-xs-12 col-sm-fit space-bottom-small-xs\"><i  class=\"fa icon color-black fa-scissors large\"><\/i><\/div> <div  data-type=\"column\" class=\"col-xs-12 col-sm\"><h4  class=\"\">Rev\u00eatement mural souple et d\u00e9coupable<\/h4> <img  class=\"custom-image\" src=\"https:\/\/magnetx-deco.com\/wp-content\/uploads\/2020\/10\/cropped-souple.png\" alt=\"\" title=\"cropped-souple.png\"><\/div> <\/div><\/div> <div  class=\"col-xs-12 col-sm-6 col-md-3 col-padding-small col-padding-small-xs bg-color-white\"><div  class=\"text-center\"> <div  class=\"col-xs-12 col-sm-fit space-bottom-small-xs\"><i  class=\"fa icon color-black fa-check large\"><\/i><\/div> <div  data-type=\"column\" class=\"col-xs-12 col-sm\"><h4  class=\"\">Se pose sur une surface lisse, propre et s\u00e8che<\/h4> <img  class=\"custom-image\" src=\"https:\/\/magnetx-deco.com\/wp-content\/uploads\/2020\/10\/cropped-lisse.png\" alt=\"\" title=\"cropped-lisse.png\"><\/div> <\/div><\/div> <div  class=\"col-xs-12 col-sm-6 col-md-3 col-padding-small col-padding-small-xs bg-color-white\"><div  class=\"text-center\"> <div  class=\"col-xs-12 col-sm-fit space-bottom-small-xs\"><i  class=\"fa icon color-black fa-square large\"><\/i><\/div> <div  data-type=\"column\" class=\"col-xs-12 col-sm\"><h4  class=\"\">Aspect lisse et propre : noir uniforme<\/h4> <img  class=\"custom-image\" src=\"https:\/\/magnetx-deco.com\/wp-content\/uploads\/2020\/10\/cropped-lisse-noir.png\" alt=\"\" title=\"cropped-lisse-noir.png\"><\/div> <\/div><\/div> <\/div><\/div> <\/div>","protected":false},"excerpt":{"rendered":"<p>R\u00e9ceptionne tous types d\u2019aimants Rev\u00eatement mural souple et d\u00e9coupable Se pose sur une surface lisse, propre et s\u00e8che Aspect lisse et propre : noir uniforme<\/p>\n","protected":false},"author":1,"featured_media":0,"parent":0,"menu_order":0,"comment_status":"closed","ping_status":"closed","template":"page-templates\/homepage.php","meta":[],"_links":{"self":[{"href":"https:\/\/magnetx-deco.com\/index.php\/wp-json\/wp\/v2\/pages\/5"}],"collection":[{"href":"https:\/\/magnetx-deco.com\/index.php\/wp-json\/wp\/v2\/pages"}],"about":[{"href":"https:\/\/magnetx-deco.com\/index.php\/wp-json\/wp\/v2\/types\/page"}],"author":[{"embeddable":true,"href":"https:\/\/magnetx-deco.com\/index.php\/wp-json\/wp\/v2\/users\/1"}],"replies":[{"embeddable":true,"href":"https:\/\/magnetx-deco.com\/index.php\/wp-json\/wp\/v2\/comments?post=5"}],"version-history":[{"count":6,"href":"https:\/\/magnetx-deco.com\/index.php\/wp-json\/wp\/v2\/pages\/5\/revisions"}],"predecessor-version":[{"id":142,"href":"https:\/\/magnetx-deco.com\/index.php\/wp-json\/wp\/v2\/pages\/5\/revisions\/142"}],"wp:attachment":[{"href":"https:\/\/magnetx-deco.com\/index.php\/wp-json\/wp\/v2\/media?parent=5"}],"curies":[{"name":"wp","href":"https:\/\/api.w.org\/{rel}","templated":true}]}}