{"id":48,"date":"2020-10-22T13:16:14","date_gmt":"2020-10-22T11:16:14","guid":{"rendered":"https:\/\/magnetx-deco.com\/?page_id=48"},"modified":"2020-10-23T09:31:33","modified_gmt":"2020-10-23T07:31:33","slug":"a-propos-de","status":"publish","type":"page","link":"https:\/\/magnetx-deco.com\/index.php\/a-propos-de\/","title":{"rendered":"\u00c0 propos de"},"content":{"rendered":"\n<h2 class=\"has-text-align-left has-medium-font-size\">Le papier peint&nbsp;MagnetX&nbsp;: une alternative&nbsp;\u00e0&nbsp;la peinture magn\u00e9tique tr\u00e8s simple&nbsp;\u00e0&nbsp;poser&nbsp;et&nbsp;sans outillage !&nbsp;<\/h2>\n\n\n\n<p class=\"has-text-align-left has-black-color has-text-color has-normal-font-size\">Insatisfaits par la peinture magn\u00e9tique qui n\u00e9cessite plusieurs couches et l\u2019utilisation d\u2019aimants relativement puissants, nous avions envie de proposer un produit qui transforme tous supports lisses en surface d\u2019affichage et d\u2019expression aimant\u00e9es de haute qualit\u00e9.&nbsp;<\/p>\n\n\n\n<p class=\"has-text-align-left has-black-color has-text-color has-normal-font-size\"><strong>MagnetX<\/strong>\u00a0ce sont des papiers peints magn\u00e9tiques autocollants dot\u00e9s d\u2019une grande facilit\u00e9\u00a0d\u2018application, au pouvoir magn\u00e9tique fort\u00a0(r\u00e9ceptionne\u00a0tous types\u00a0d\u2019aimants)\u00a0et fabriqu\u00e9s en France.\u00a0<\/p>\n\n\n\n<p class=\"has-text-align-left has-black-color has-text-color has-normal-font-size\">Nous avons imagin\u00e9\u00a0<strong>une gamme de papier peint magn\u00e9tique<\/strong>\u00a0qui\u00a0<strong>s\u2019adapte\u00a0\u00e0\u00a0toutes les\u00a0surfaces<\/strong> :\u00a0cuisine, bureau, couloir, WC, chambre, chambre d\u2019enfant, salle de jeu gr\u00e2ce\u00a0\u00e0\u00a0nos 4 formats disponibles : 40cm x 60cm ,\u00a01m x 60cm ,\u00a02m x 60cm et 2m60 x 60cm\u00a0<\/p>\n\n\n\n<p class=\"has-text-align-left has-black-color has-text-color has-normal-font-size\">C\u2019est&nbsp;\u00e9galement le support id\u00e9al pour un projet&nbsp;\u00ab\u202f&nbsp;Do&nbsp;It&nbsp;Yourself\u202f\u00bb&nbsp;,&nbsp;tous les papiers peints&nbsp;MagnetX&nbsp;&nbsp;se d\u00e9coupe&nbsp;\u00e0&nbsp;l\u2019aide d\u2019un ciseau ou d\u2019un cutter. Laissez parler votre cr\u00e9ativit\u00e9&nbsp;avec&nbsp;MagnetX&nbsp;!&nbsp;&nbsp;<\/p>\n\n\n\n<p class=\"has-text-align-left has-black-color has-text-color has-normal-font-size\">Ce sticker d\u00e9coratif permet de recouvrir de nombreux supports\u00a0( murs, portes, portes m\u00e9lamin\u00e9s, frigos, bois, fen\u00eatres,\u00a0etc. )\u00a0\u00e0\u00a0condition qu\u2019ils soient lisses, propres et secs\u00a0( uniquement\u00a0pour\u00a0une utilisation int\u00e9rieure\u00a0et hors zone\u00a0humide ).\u00a0<\/p>\n\n\n\n<h2 class=\"has-text-align-left has-medium-font-size\">Avec&nbsp;MagnetX, transformez vos murs en tableau magn\u00e9tique !<\/h2>\n\n\n\n<p class=\"has-text-align-left has-black-color has-text-color has-normal-font-size\">Application sans outils et sans temps de s\u00e9chage&nbsp;<\/p>\n\n\n\n<p class=\"has-text-align-left has-black-color has-text-color has-normal-font-size\">Mise en place facile et rapide<\/p>\n\n\n\n<p class=\"has-text-align-left has-black-color has-text-color has-normal-font-size\">S\u2019adapte sur une multitude supports&nbsp;<\/p>\n\n\n\n<p class=\"has-text-align-left has-black-color has-text-color has-normal-font-size\">Se repeint avec une peinture multi support&nbsp;( peinture&nbsp;\u00e0&nbsp;l\u2019eau&nbsp;\u00e0&nbsp;\u00e9viter )&nbsp;<\/p>\n\n\n\n<p class=\"has-text-align-left has-black-color has-text-color has-normal-font-size\">Se d\u00e9coupe&nbsp;\u00e0&nbsp;l\u2019aide d\u2019un ciseau ou d\u2019un cutter&nbsp;&nbsp;<\/p>\n\n\n\n<p class=\"has-text-align-left has-black-color has-text-color has-normal-font-size\">R\u00e9ceptionne tous types d\u2019aimants<\/p>\n\n\n\n<p class=\"has-text-align-left has-black-color has-text-color has-normal-font-size\">Adh\u00e9sif sans&nbsp;phatalates&nbsp;<\/p>\n\n\n\n<p class=\"has-black-color has-text-color has-normal-font-size\">Fabriqu\u00e9&nbsp;en France<\/p>\n","protected":false},"excerpt":{"rendered":"<p>Le papier peint&nbsp;MagnetX&nbsp;: une alternative&nbsp;\u00e0&nbsp;la peinture magn\u00e9tique tr\u00e8s simple&nbsp;\u00e0&nbsp;poser&nbsp;et&nbsp;sans outillage !&nbsp; Insatisfaits par la peinture magn\u00e9tique qui n\u00e9cessite plusieurs couches et l\u2019utilisation d\u2019aimants relativement puissants, nous avions envie de proposer un produit qui transforme tous supports lisses en surface d\u2019affichage et d\u2019expression aimant\u00e9es de haute qualit\u00e9.&nbsp; MagnetX\u00a0ce sont des papiers peints magn\u00e9tiques autocollants dot\u00e9s d\u2019une&hellip; <br \/> <a class=\"read-more\" href=\"https:\/\/magnetx-deco.com\/index.php\/a-propos-de\/\">Lire la suite<\/a><\/p>\n","protected":false},"author":1,"featured_media":13,"parent":0,"menu_order":0,"comment_status":"closed","ping_status":"closed","template":"","meta":[],"_links":{"self":[{"href":"https:\/\/magnetx-deco.com\/index.php\/wp-json\/wp\/v2\/pages\/48"}],"collection":[{"href":"https:\/\/magnetx-deco.com\/index.php\/wp-json\/wp\/v2\/pages"}],"about":[{"href":"https:\/\/magnetx-deco.com\/index.php\/wp-json\/wp\/v2\/types\/page"}],"author":[{"embeddable":true,"href":"https:\/\/magnetx-deco.com\/index.php\/wp-json\/wp\/v2\/users\/1"}],"replies":[{"embeddable":true,"href":"https:\/\/magnetx-deco.com\/index.php\/wp-json\/wp\/v2\/comments?post=48"}],"version-history":[{"count":20,"href":"https:\/\/magnetx-deco.com\/index.php\/wp-json\/wp\/v2\/pages\/48\/revisions"}],"predecessor-version":[{"id":149,"href":"https:\/\/magnetx-deco.com\/index.php\/wp-json\/wp\/v2\/pages\/48\/revisions\/149"}],"wp:featuredmedia":[{"embeddable":true,"href":"https:\/\/magnetx-deco.com\/index.php\/wp-json\/wp\/v2\/media\/13"}],"wp:attachment":[{"href":"https:\/\/magnetx-deco.com\/index.php\/wp-json\/wp\/v2\/media?parent=48"}],"curies":[{"name":"wp","href":"https:\/\/api.w.org\/{rel}","templated":true}]}}