{"id":2,"date":"2020-10-22T10:27:18","date_gmt":"2020-10-22T08:27:18","guid":{"rendered":"http:\/\/magnetx-deco.com\/?page_id=2"},"modified":"2020-10-23T09:33:30","modified_gmt":"2020-10-23T07:33:30","slug":"la-gamme-magnetx","status":"publish","type":"page","link":"https:\/\/magnetx-deco.com\/index.php\/la-gamme-magnetx\/","title":{"rendered":"La gamme MagnetX"},"content":{"rendered":"\n<h2 class=\"has-text-align-left\">Cr\u00e9ez un espace sur lequel toute la famille peut s\u2019exprimer et communiquer.<\/h2>\n\n\n\n<p class=\"has-text-align-left has-black-color has-text-color has-normal-font-size\">Avec les papiers peints MagnetX, vous pouvez y exposer vos photos,&nbsp;\u00e9crire sur des ardoises ou m\u00e9mos et afficher vos documents administratifs pour avoir tout&nbsp;\u00e0&nbsp;port\u00e9e de main !&nbsp;&nbsp;<\/p>\n\n\n\n<h3 class=\"has-text-align-left\"><strong>4 formats disponibles<\/strong>&nbsp;de papier peint adh\u00e9sif magn\u00e9tique pour s\u2019adapter&nbsp;\u00e0&nbsp;toutes les surfaces et envies !&nbsp;&nbsp;<\/h3>\n\n\n\n<figure class=\"wp-block-image size-large\"><img loading=\"lazy\" width=\"50\" height=\"50\" src=\"https:\/\/magnetx-deco.com\/wp-content\/uploads\/2020\/10\/40x60.jpg\" alt=\"\" class=\"wp-image-92\"\/><\/figure>\n\n\n\n<p class=\"has-text-align-left has-black-color has-text-color has-normal-font-size\"><strong>40 cm x 60cm<\/strong>, c\u2019est le format id\u00e9al pour les petites surfaces, chambres d\u2019ados ou d\u2019\u00e9tudiants. Il trouvera sa place dans un bureau, une cuisine, un atelier pour y noter la to do de la semaine, les rendez-vous&nbsp;\u00e0&nbsp;ne pas manquer et sans oublier le c\u00f4t\u00e9&nbsp;d\u00e9co gr\u00e2ce&nbsp;\u00e0&nbsp;son aspect lisse et homog\u00e8ne.&nbsp;<\/p>\n\n\n\n<hr class=\"wp-block-separator\"\/>\n\n\n\n<figure class=\"wp-block-image size-large\"><img loading=\"lazy\" width=\"50\" height=\"50\" src=\"https:\/\/magnetx-deco.com\/wp-content\/uploads\/2020\/10\/2.jpg\" alt=\"\" class=\"wp-image-94\"\/><\/figure>\n\n\n\n<p class=\"has-text-align-left has-black-color has-text-color has-normal-font-size\"><strong>1m x 60cm<\/strong>&nbsp;\u2013 R\u00e9inventez et modernisez le tableau noir de notre enfance, avec ce format en 60cm x 1m pour une touche d\u00e9corative et pratique&nbsp;\u00e0&nbsp;afficher dans une cuisine, une chambre, une chambre d\u2019enfant, un bureau ou dans une entr\u00e9e.&nbsp;&nbsp;<\/p>\n\n\n\n<hr class=\"wp-block-separator\"\/>\n\n\n\n<figure class=\"wp-block-image size-large\"><img loading=\"lazy\" width=\"50\" height=\"50\" src=\"https:\/\/magnetx-deco.com\/wp-content\/uploads\/2020\/10\/3.jpg\" alt=\"\" class=\"wp-image-96\"\/><\/figure>\n\n\n\n<p class=\"has-text-align-left has-black-color has-text-color has-normal-font-size\"><strong>2m x 60cm<\/strong>&nbsp;\u2013 Une pose&nbsp;\u00e0&nbsp;l\u2019horizontale ou&nbsp;\u00e0&nbsp;la verticale, c\u2019est&nbsp;\u00e0&nbsp;vous de choisir ! Vous pouvez aussi le d\u00e9couper pour multiplier les surfaces d\u2019affichage dans votre int\u00e9rieur.&nbsp; Cr\u00e9ez un espace magn\u00e9tique grand format pour le bonheur des petits et des grands.&nbsp;<\/p>\n\n\n\n<hr class=\"wp-block-separator\"\/>\n\n\n\n<figure class=\"wp-block-image size-large\"><img loading=\"lazy\" width=\"50\" height=\"50\" src=\"https:\/\/magnetx-deco.com\/wp-content\/uploads\/2020\/10\/4.jpg\" alt=\"\" class=\"wp-image-98\"\/><\/figure>\n\n\n\n<p class=\"has-text-align-left has-black-color has-text-color has-normal-font-size\"><strong>2m60 x 60cm<\/strong>&nbsp;\u2013&nbsp;Personnaliser un pan de mur avec ce l\u00e9&nbsp;de papier peint magn\u00e9tique noir et cr\u00e9er une d\u00e9coration unique. Donnez vie&nbsp;\u00e0&nbsp;vos murs en affichant vos&nbsp;pus&nbsp;beaux souvenirs&nbsp;( photos, collection de&nbsp;magnets )&nbsp; et en exposant les&nbsp;oeuvres&nbsp;des petits et des grands. Ou bien cr\u00e9er une surface de jeu magn\u00e9tique sans limite pour des moments de partage et d\u2019\u00e9change inoubliables !&nbsp;<\/p>\n\n\n\n<hr class=\"wp-block-separator\"\/>\n\n\n\n<h3 class=\"has-text-align-left\"><strong>Une gamme d\u2019accessoires \u00e0 utiliser sur les papiers peints magn\u00e9tiques<\/strong>&nbsp;<\/h3>\n\n\n\n<p class=\"has-text-align-left has-black-color has-text-color has-normal-font-size\"><strong>Ardoise magn\u00e9tique + feutre effa\u00e7able&nbsp;\u00e0&nbsp;sec&nbsp;( porte&nbsp;marqueur inclus&nbsp;)<\/strong>. Pour une utilisation multifonctionnelle, l\u2019ardoise blanche est id\u00e9ale pour planifier et s\u2019organiser au quotidien :&nbsp;noter&nbsp;des&nbsp;rendez-vous,&nbsp;des objectifs,&nbsp;des rappels ainsi que des listes de&nbsp;t\u00e2ches&nbsp;\u00e0&nbsp;effectuer.&nbsp;Pour les plus petits cette ardoise blanche est parfaite pour dessiner,&nbsp;\u00e9crire et apprendre&nbsp;\u00e0&nbsp;compter.L\u2019ardoise&nbsp;blanche&nbsp;MagnetX&nbsp;s\u2019aimante sur tous supports m\u00e9talliques&nbsp;( r\u00e9frig\u00e9rateur, papier peint ou tableau&nbsp;magn\u00e9tique ).&nbsp;<\/p>\n\n\n\n<p class=\"has-text-align-left has-black-color has-text-color has-normal-font-size\"><strong>Pense-b\u00eates magn\u00e9tiques blancs ou color\u00e9s&nbsp;( lot&nbsp;de&nbsp;6 )&nbsp;+ feutre effa\u00e7able&nbsp;\u00e0&nbsp;sec&nbsp;( porte&nbsp;marqueur&nbsp;inclus )&nbsp;<\/strong>. Ces&nbsp;penses b\u00eates&nbsp;r\u00e9utilisables et effa\u00e7ables&nbsp;\u00e0&nbsp;sec peuvent&nbsp;\u00eatre&nbsp;utilis\u00e9s&nbsp;jour&nbsp;apr\u00e8s&nbsp;jour. Fini&nbsp;le&nbsp;gaspillage de papier et plus aucun rendez-vous oubli\u00e9&nbsp;!&nbsp;\u202fIls&nbsp;adh\u00e8rent&nbsp;facilement aux surfaces m\u00e9talliques telles que les&nbsp;papiers peints et tableaux magn\u00e9tiques,&nbsp;tableaux blancs, les casiers, les portes de r\u00e9frig\u00e9rateur, les&nbsp;\u00e9tag\u00e8res&nbsp;et les portes en&nbsp;m\u00e9tal.&nbsp;<\/p>\n\n\n\n<p class=\"has-text-align-left has-black-color has-text-color has-normal-font-size\"><strong>Aimants n\u00e9odymes \u2013 lot de 12&nbsp;<\/strong>. Disponible en&nbsp;<strong>noir<\/strong>&nbsp;ou&nbsp;<strong>argent<\/strong>&nbsp;ou de&nbsp;<strong>couleurs<\/strong>. Ces aimants n\u00e9odymes puissants sont adapt\u00e9s&nbsp;pour fixer&nbsp;du&nbsp;papier, des photos, des cartes et des notes sur diverses surfaces m\u00e9talliques.&nbsp;Attention :&nbsp;Ne convient pas aux enfants de moins de 3 ans. Il existe un risque d\u2019\u00e9touffement de&nbsp;petites pi\u00e8ces&nbsp;qui peuvent&nbsp;\u00eatre aval\u00e9es.&nbsp;<\/p>\n\n\n\n<p class=\"has-text-align-left has-black-color has-text-color has-normal-font-size\"><strong>Ruban magn\u00e9tique adh\u00e9sif<\/strong>. Ce ruban adh\u00e9sif aimant\u00e9\u00a0permet d\u2019aimanter facilement, rapidement et s\u00fbrement des objets l\u00e9gers tels que les photos, cartes postales, petites affiches. Un c\u00f4t\u00e9\u00a0auto-adh\u00e9sif, un\u00a0c\u00f4t\u00e9\u00a0magn\u00e9tique \u2013 facile\u00a0\u00e0\u00a0d\u00e9couper \u2013 se fixe sur tous supports magn\u00e9tiques\u00a0\u00a0<\/p>\n\n\n\n<p><\/p>\n","protected":false},"excerpt":{"rendered":"<p>Cr\u00e9ez un espace sur lequel toute la famille peut s\u2019exprimer et communiquer. Avec les papiers peints MagnetX, vous pouvez y exposer vos photos,&nbsp;\u00e9crire sur des ardoises ou m\u00e9mos et afficher vos documents administratifs pour avoir tout&nbsp;\u00e0&nbsp;port\u00e9e de main !&nbsp;&nbsp; 4 formats disponibles&nbsp;de papier peint adh\u00e9sif magn\u00e9tique pour s\u2019adapter&nbsp;\u00e0&nbsp;toutes les surfaces et envies !&nbsp;&nbsp; 40 cm&hellip; <br \/> <a class=\"read-more\" href=\"https:\/\/magnetx-deco.com\/index.php\/la-gamme-magnetx\/\">Lire la suite<\/a><\/p>\n","protected":false},"author":1,"featured_media":13,"parent":0,"menu_order":0,"comment_status":"closed","ping_status":"open","template":"","meta":[],"_links":{"self":[{"href":"https:\/\/magnetx-deco.com\/index.php\/wp-json\/wp\/v2\/pages\/2"}],"collection":[{"href":"https:\/\/magnetx-deco.com\/index.php\/wp-json\/wp\/v2\/pages"}],"about":[{"href":"https:\/\/magnetx-deco.com\/index.php\/wp-json\/wp\/v2\/types\/page"}],"author":[{"embeddable":true,"href":"https:\/\/magnetx-deco.com\/index.php\/wp-json\/wp\/v2\/users\/1"}],"replies":[{"embeddable":true,"href":"https:\/\/magnetx-deco.com\/index.php\/wp-json\/wp\/v2\/comments?post=2"}],"version-history":[{"count":20,"href":"https:\/\/magnetx-deco.com\/index.php\/wp-json\/wp\/v2\/pages\/2\/revisions"}],"predecessor-version":[{"id":150,"href":"https:\/\/magnetx-deco.com\/index.php\/wp-json\/wp\/v2\/pages\/2\/revisions\/150"}],"wp:featuredmedia":[{"embeddable":true,"href":"https:\/\/magnetx-deco.com\/index.php\/wp-json\/wp\/v2\/media\/13"}],"wp:attachment":[{"href":"https:\/\/magnetx-deco.com\/index.php\/wp-json\/wp\/v2\/media?parent=2"}],"curies":[{"name":"wp","href":"https:\/\/api.w.org\/{rel}","templated":true}]}}