{"id":100,"date":"2020-10-22T14:33:08","date_gmt":"2020-10-22T12:33:08","guid":{"rendered":"https:\/\/magnetx-deco.com\/?page_id=100"},"modified":"2020-10-22T14:52:31","modified_gmt":"2020-10-22T12:52:31","slug":"notice-de-pose","status":"publish","type":"page","link":"https:\/\/magnetx-deco.com\/index.php\/notice-de-pose\/","title":{"rendered":"Notice de pose"},"content":{"rendered":"\n<h2 class=\"has-text-align-center has-black-color has-text-color\" style=\"font-size:23px\"><strong>Pose facile et rapide &#8211; sans outillage en 3 \u00c9TAPES<\/strong><\/h2>\n\n\n\n<div class=\"wp-block-media-text alignwide is-stacked-on-mobile\" style=\"grid-template-columns:15% auto\"><figure class=\"wp-block-media-text__media\"><img loading=\"lazy\" width=\"326\" height=\"347\" src=\"https:\/\/magnetx-deco.com\/wp-content\/uploads\/2020\/10\/pose1.png\" alt=\"\" class=\"wp-image-128\" srcset=\"https:\/\/magnetx-deco.com\/wp-content\/uploads\/2020\/10\/pose1.png 326w, https:\/\/magnetx-deco.com\/wp-content\/uploads\/2020\/10\/pose1-282x300.png 282w\" sizes=\"(max-width: 326px) 100vw, 326px\" \/><\/figure><div class=\"wp-block-media-text__content\">\n<p class=\"has-black-color has-text-color has-medium-font-size\"><strong>\u00c9TAPE 1<\/strong> <\/p>\n\n\n\n<p class=\"has-black-color has-text-color\"><strong>PR\u00c9PARATION DU SUPPORT<\/strong><\/p>\n\n\n\n<p class=\"has-text-align-left has-black-color has-text-color has-normal-font-size\">Assurez-vous que la surface soit lisse, saine, propre et s\u00e8che. Evitez les surfaces irr\u00e9guli\u00e8res ou humides.<\/p>\n\n\n\n<p class=\"has-text-align-left has-black-color has-text-color\"><strong>Il est fortement conseill\u00e9 de poser le papier peint Magnet X sur une peinture de plus de 6 mois.<\/strong><\/p>\n<\/div><\/div>\n\n\n\n<div style=\"height:26px\" aria-hidden=\"true\" class=\"wp-block-spacer\"><\/div>\n\n\n\n<hr class=\"wp-block-separator\"\/>\n\n\n\n<div style=\"height:25px\" aria-hidden=\"true\" class=\"wp-block-spacer\"><\/div>\n\n\n\n<div class=\"wp-block-media-text alignwide is-stacked-on-mobile\" style=\"grid-template-columns:15% auto\"><figure class=\"wp-block-media-text__media\"><img loading=\"lazy\" width=\"326\" height=\"347\" src=\"https:\/\/magnetx-deco.com\/wp-content\/uploads\/2020\/10\/pose2.png\" alt=\"\" class=\"wp-image-133\" srcset=\"https:\/\/magnetx-deco.com\/wp-content\/uploads\/2020\/10\/pose2.png 326w, https:\/\/magnetx-deco.com\/wp-content\/uploads\/2020\/10\/pose2-282x300.png 282w\" sizes=\"(max-width: 326px) 100vw, 326px\" \/><\/figure><div class=\"wp-block-media-text__content\">\n<p class=\"has-black-color has-text-color has-medium-font-size\"><strong>\u00c9TAPE 2<\/strong> <\/p>\n\n\n\n<p class=\"has-black-color has-text-color\"><strong>POSE DU PAPIER PEINT MAGNET X<\/strong><\/p>\n\n\n\n<p class=\"has-black-color has-text-color has-normal-font-size\"><strong>Enlever sur 5 cm<\/strong> (en bande) la pellicule protectrice de l\u2019adh\u00e9sif et positionner le papier peint sur votre support. La pose se fait toujours <strong>du haut vers le bas<\/strong> quelque soit l\u2019orientation de votre papier peint (horizontale ou verticale). Appuyer bien \u00e0 l\u2019aide d\u2019un chiffon doux de l\u2019int\u00e9rieur vers l\u2019ext\u00e9rieur.<\/p>\n<\/div><\/div>\n\n\n\n<div style=\"height:21px\" aria-hidden=\"true\" class=\"wp-block-spacer\"><\/div>\n\n\n\n<hr class=\"wp-block-separator\"\/>\n\n\n\n<div style=\"height:20px\" aria-hidden=\"true\" class=\"wp-block-spacer\"><\/div>\n\n\n\n<div class=\"wp-block-media-text alignwide is-stacked-on-mobile\" style=\"grid-template-columns:15% auto\"><figure class=\"wp-block-media-text__media\"><img loading=\"lazy\" width=\"326\" height=\"347\" src=\"https:\/\/magnetx-deco.com\/wp-content\/uploads\/2020\/10\/pose3.png\" alt=\"\" class=\"wp-image-135\" srcset=\"https:\/\/magnetx-deco.com\/wp-content\/uploads\/2020\/10\/pose3.png 326w, https:\/\/magnetx-deco.com\/wp-content\/uploads\/2020\/10\/pose3-282x300.png 282w\" sizes=\"(max-width: 326px) 100vw, 326px\" \/><\/figure><div class=\"wp-block-media-text__content\">\n<p class=\"has-black-color has-text-color has-medium-font-size\"><strong>\u00c9TAPE 3 <\/strong><\/p>\n\n\n\n<p class=\"has-black-color has-text-color\"><strong>D\u00c9ROULEZ ET MAROUFLEZ<\/strong><\/p>\n\n\n\n<p class=\"has-text-align-left has-black-color has-text-color has-normal-font-size\"><strong>Une fois la partie haute coll\u00e9e<\/strong>, il vous suffit de d\u00e9rouler petit \u00e0 petit en enlevant la protection de l\u2019adh\u00e9sif au fur et \u00e0 mesure. <strong>Continuer \u00e0 maroufler \u00e0 l\u2019aide de votre chiffon doux<\/strong> en appuyant fortement pour obtenir une bonne adh\u00e9rence.<\/p>\n<\/div><\/div>\n\n\n\n<div style=\"height:100px\" aria-hidden=\"true\" class=\"wp-block-spacer\"><\/div>\n\n\n\n<p class=\"has-black-color has-text-color has-normal-font-size\"><strong>D\u00c9COREZ ET EXPRIMEZ-VOUS SUR MAGNETX !<\/strong><br>Vous pouvez utiliser tous types d\u2019aimants sur le papier peint Magnet X, gr\u00e2ce \u00e0 son fort pouvoir magn\u00e9tique !<\/p>\n","protected":false},"excerpt":{"rendered":"<p>Pose facile et rapide &#8211; sans outillage en 3 \u00c9TAPES \u00c9TAPE 1 PR\u00c9PARATION DU SUPPORT Assurez-vous que la surface soit lisse, saine, propre et s\u00e8che. Evitez les surfaces irr\u00e9guli\u00e8res ou humides. Il est fortement conseill\u00e9 de poser le papier peint Magnet X sur une peinture de plus de 6 mois. \u00c9TAPE 2 POSE DU PAPIER&hellip; <br \/> <a class=\"read-more\" href=\"https:\/\/magnetx-deco.com\/index.php\/notice-de-pose\/\">Lire la suite<\/a><\/p>\n","protected":false},"author":1,"featured_media":13,"parent":0,"menu_order":0,"comment_status":"closed","ping_status":"closed","template":"","meta":[],"_links":{"self":[{"href":"https:\/\/magnetx-deco.com\/index.php\/wp-json\/wp\/v2\/pages\/100"}],"collection":[{"href":"https:\/\/magnetx-deco.com\/index.php\/wp-json\/wp\/v2\/pages"}],"about":[{"href":"https:\/\/magnetx-deco.com\/index.php\/wp-json\/wp\/v2\/types\/page"}],"author":[{"embeddable":true,"href":"https:\/\/magnetx-deco.com\/index.php\/wp-json\/wp\/v2\/users\/1"}],"replies":[{"embeddable":true,"href":"https:\/\/magnetx-deco.com\/index.php\/wp-json\/wp\/v2\/comments?post=100"}],"version-history":[{"count":26,"href":"https:\/\/magnetx-deco.com\/index.php\/wp-json\/wp\/v2\/pages\/100\/revisions"}],"predecessor-version":[{"id":136,"href":"https:\/\/magnetx-deco.com\/index.php\/wp-json\/wp\/v2\/pages\/100\/revisions\/136"}],"wp:featuredmedia":[{"embeddable":true,"href":"https:\/\/magnetx-deco.com\/index.php\/wp-json\/wp\/v2\/media\/13"}],"wp:attachment":[{"href":"https:\/\/magnetx-deco.com\/index.php\/wp-json\/wp\/v2\/media?parent=100"}],"curies":[{"name":"wp","href":"https:\/\/api.w.org\/{rel}","templated":true}]}}